{"id":923,"date":"2024-07-26T12:35:24","date_gmt":"2024-07-26T10:35:24","guid":{"rendered":"https:\/\/atitalia.com\/contatti\/"},"modified":"2026-02-06T17:05:46","modified_gmt":"2026-02-06T16:05:46","slug":"contatti","status":"publish","type":"page","link":"https:\/\/atitalia.com\/it\/contatti\/","title":{"rendered":"Contatti"},"content":{"rendered":"<p>[et_pb_section fb_built=&#8221;1&#8243; _builder_version=&#8221;4.27.0&#8243; _module_preset=&#8221;default&#8221; background_enable_color=&#8221;off&#8221; background_enable_image=&#8221;off&#8221; background_size=&#8221;custom&#8221; background_image_width=&#8221;20%&#8221; background_position=&#8221;top_right&#8221; background_horizontal_offset=&#8221;28%&#8221; custom_padding=&#8221;||100px||false|false&#8221; bottom_divider_style=&#8221;graph4&#8243; bottom_divider_color=&#8221;#eaeaea&#8221; bottom_divider_height=&#8221;57px&#8221; bottom_divider_repeat=&#8221;1x&#8221; background_last_edited=&#8221;on|phone&#8221; background_enable_image_tablet=&#8221;off&#8221; background_size_phone=&#8221;custom&#8221; background_image_width_phone=&#8221;1%&#8221; background_image_height_phone=&#8221;0%&#8221; background_position_phone=&#8221;bottom_right&#8221; global_colors_info=&#8221;{%22gcid-6d3384a2-1284-45a3-8fff-3aa0cf7c36cb%22:%91%22bottom_divider_color%22%93}&#8221; custom_css_main_element_last_edited=&#8221;on|tablet&#8221;][et_pb_row column_structure=&#8221;3_5,2_5&#8243; use_custom_gutter=&#8221;on&#8221; gutter_width=&#8221;1&#8243; make_equal=&#8221;on&#8221; module_class=&#8221;force-button-inline&#8221; _builder_version=&#8221;4.27.0&#8243; _module_preset=&#8221;default&#8221; background_color=&#8221;RGBA(255,255,255,0)&#8221; background_enable_image=&#8221;off&#8221; background_size=&#8221;custom&#8221; background_image_width=&#8221;48%&#8221; background_position=&#8221;center_right&#8221; max_width=&#8221;1240px&#8221; custom_margin=&#8221;||||false|false&#8221; custom_padding=&#8221;0px|0px|0px|0px|false|false&#8221; background_last_edited=&#8221;on|desktop&#8221; background_enable_image_tablet=&#8221;off&#8221; box_shadow_style=&#8221;preset2&#8243; global_colors_info=&#8221;{}&#8221;][et_pb_column type=&#8221;3_5&#8243; _builder_version=&#8221;4.27.0&#8243; _module_preset=&#8221;default&#8221; background_color=&#8221;gcid-70184d90-89dc-4d37-8a72-67bb78c7369e&#8221; custom_padding=&#8221;30px|30px|30px|30px|false|false&#8221; global_colors_info=&#8221;{%22gcid-70184d90-89dc-4d37-8a72-67bb78c7369e%22:%91%22background_color%22%93}&#8221;][et_pb_heading title=&#8221;Contatti&#8221; _builder_version=&#8221;4.27.0&#8243; _module_preset=&#8221;default&#8221; title_font=&#8221;&#8211;et_global_heading_font|600||on|||||&#8221; title_text_color=&#8221;#000000&#8243; background_enable_image=&#8221;off&#8221; background_size=&#8221;contain&#8221; max_width_tablet=&#8221;100%&#8221; max_width_phone=&#8221;100%&#8221; max_width_last_edited=&#8221;on|desktop&#8221; custom_margin=&#8221;20px||||false|false&#8221; title_font_size_tablet=&#8221;25px&#8221; title_font_size_phone=&#8221;20px&#8221; title_font_size_last_edited=&#8221;on|phone&#8221; custom_css_main_element=&#8221;font-weight:700 !important;&#8221; global_colors_info=&#8221;{}&#8221;][\/et_pb_heading][et_pb_text _builder_version=&#8221;4.27.0&#8243; _module_preset=&#8221;default&#8221; text_font=&#8221;&#8211;et_global_body_font||||||||&#8221; text_text_color=&#8221;#000000&#8243; text_font_size=&#8221;22px&#8221; header_text_color=&#8221;#E02B20&#8243; header_6_font=&#8221;&#8211;et_global_body_font||||||||&#8221; header_6_text_color=&#8221;#000000&#8243; header_6_font_size=&#8221;20px&#8221; header_6_letter_spacing=&#8221;1px&#8221; header_6_line_height=&#8221;1.1em&#8221; max_width_tablet=&#8221;100%&#8221; max_width_phone=&#8221;100%&#8221; max_width_last_edited=&#8221;on|phone&#8221; custom_margin=&#8221;20px||40px||false|false&#8221; text_font_size_tablet=&#8221;18px&#8221; text_font_size_phone=&#8221;17px&#8221; text_font_size_last_edited=&#8221;on|phone&#8221; header_font_size_phone=&#8221;18px&#8221; header_font_size_last_edited=&#8221;off|phone&#8221; header_6_font_size_tablet=&#8221;18px&#8221; header_6_font_size_phone=&#8221;17px&#8221; header_6_font_size_last_edited=&#8221;on|phone&#8221; global_colors_info=&#8221;{}&#8221;]Se hai domande, contattaci telefonicamente o via e-mail.[\/et_pb_text][et_pb_contact_form captcha=&#8221;off&#8221; email=&#8221;info@atitalia.com&#8221; custom_message=&#8221;\u00dczenet \u00e9rkezett a kapcsolatfelv\u00e9tel formon: https:\/\/atitalia.com\/kapcsolat\/||et_pb_line_break_holder||||et_pb_line_break_holder||N\u00e9v: %%Name%%||et_pb_line_break_holder||C\u00e9gn\u00e9v: %%cegnev%%||et_pb_line_break_holder||Email c\u00edm: %%Email%%||et_pb_line_break_holder||Telefonsz\u00e1m: %%Telefon%%||et_pb_line_break_holder||Sz\u00e1ll\u00edtm\u00e1ny m\u00e9rete \u00e9s s\u00falya: %%meret%%||et_pb_line_break_holder||Viszonylat (Felrak\u00f3hely-Lerak\u00f3hely): %%viszonylat%%||et_pb_line_break_holder||||et_pb_line_break_holder||\u00dczenet:||et_pb_line_break_holder||%%Message%%&#8221; success_message=&#8221;Grazie per il messaggio! La contatteremo a breve.&#8221; submit_button_text=&#8221;Invia&#8221; _builder_version=&#8221;4.27.0&#8243; _module_preset=&#8221;default&#8221; _unique_id=&#8221;3f0ab415-2c69-4e9c-9cfc-27a58e3ba5c8&#8243; form_field_background_color=&#8221;#FFFFFF&#8221; form_field_text_color=&#8221;#000000&#8243; form_field_focus_background_color=&#8221;#FFFFFF&#8221; form_field_focus_text_color=&#8221;#000000&#8243; form_field_font=&#8221;Anek Latin||||||||&#8221; form_field_font_size=&#8221;18px&#8221; custom_button=&#8221;on&#8221; button_text_color=&#8221;#FFFFFF&#8221; button_bg_color=&#8221;#000000&#8243; button_border_color=&#8221;RGBA(255,255,255,0)&#8221; button_border_radius=&#8221;7px&#8221; button_font=&#8221;Oswald|||on|||||&#8221; button_icon_color=&#8221;#000000&#8243; button_custom_margin=&#8221;20px|||10px|false|false&#8221; button_custom_padding=&#8221;|35px||35px|false|true&#8221; button_text_size_tablet=&#8221;&#8221; button_text_size_phone=&#8221;14px&#8221; button_text_size_last_edited=&#8221;on|phone&#8221; global_colors_info=&#8221;{%22gcid-body-color%22:%91%22background_color%22%93}&#8221;][et_pb_contact_field field_id=&#8221;Name&#8221; field_title=&#8221;Nome&#8221; _builder_version=&#8221;4.27.0&#8243; global_colors_info=&#8221;{}&#8221; button_text_size__hover_enabled=&#8221;off&#8221; button_one_text_size__hover_enabled=&#8221;off&#8221; button_two_text_size__hover_enabled=&#8221;off&#8221; button_text_color__hover_enabled=&#8221;off&#8221; button_one_text_color__hover_enabled=&#8221;off&#8221; button_two_text_color__hover_enabled=&#8221;off&#8221; button_border_width__hover_enabled=&#8221;off&#8221; button_one_border_width__hover_enabled=&#8221;off&#8221; button_two_border_width__hover_enabled=&#8221;off&#8221; button_border_color__hover_enabled=&#8221;off&#8221; button_one_border_color__hover_enabled=&#8221;off&#8221; button_two_border_color__hover_enabled=&#8221;off&#8221; button_border_radius__hover_enabled=&#8221;off&#8221; button_one_border_radius__hover_enabled=&#8221;off&#8221; button_two_border_radius__hover_enabled=&#8221;off&#8221; button_letter_spacing__hover_enabled=&#8221;off&#8221; button_one_letter_spacing__hover_enabled=&#8221;off&#8221; button_two_letter_spacing__hover_enabled=&#8221;off&#8221; button_bg_color__hover_enabled=&#8221;off&#8221; button_one_bg_color__hover_enabled=&#8221;off&#8221; button_two_bg_color__hover_enabled=&#8221;off&#8221;][\/et_pb_contact_field][et_pb_contact_field field_id=&#8221;cegnev&#8221; field_title=&#8221;Nome azienda&#8221; _builder_version=&#8221;4.27.0&#8243; _module_preset=&#8221;default&#8221; global_colors_info=&#8221;{}&#8221;][\/et_pb_contact_field][et_pb_contact_field field_id=&#8221;Email&#8221; field_title=&#8221;Indirizzo e-mail&#8221; field_type=&#8221;email&#8221; _builder_version=&#8221;4.27.0&#8243; global_colors_info=&#8221;{}&#8221; button_text_size__hover_enabled=&#8221;off&#8221; button_one_text_size__hover_enabled=&#8221;off&#8221; button_two_text_size__hover_enabled=&#8221;off&#8221; button_text_color__hover_enabled=&#8221;off&#8221; button_one_text_color__hover_enabled=&#8221;off&#8221; button_two_text_color__hover_enabled=&#8221;off&#8221; button_border_width__hover_enabled=&#8221;off&#8221; button_one_border_width__hover_enabled=&#8221;off&#8221; button_two_border_width__hover_enabled=&#8221;off&#8221; button_border_color__hover_enabled=&#8221;off&#8221; button_one_border_color__hover_enabled=&#8221;off&#8221; button_two_border_color__hover_enabled=&#8221;off&#8221; button_border_radius__hover_enabled=&#8221;off&#8221; button_one_border_radius__hover_enabled=&#8221;off&#8221; button_two_border_radius__hover_enabled=&#8221;off&#8221; button_letter_spacing__hover_enabled=&#8221;off&#8221; button_one_letter_spacing__hover_enabled=&#8221;off&#8221; button_two_letter_spacing__hover_enabled=&#8221;off&#8221; button_bg_color__hover_enabled=&#8221;off&#8221; button_one_bg_color__hover_enabled=&#8221;off&#8221; button_two_bg_color__hover_enabled=&#8221;off&#8221;][\/et_pb_contact_field][et_pb_contact_field field_id=&#8221;Telefon&#8221; field_title=&#8221;Numero di telefono&#8221; _builder_version=&#8221;4.27.0&#8243; _module_preset=&#8221;default&#8221; global_colors_info=&#8221;{}&#8221;][\/et_pb_contact_field][et_pb_contact_field field_id=&#8221;meret&#8221; field_title=&#8221;Dimensioni e peso della spedizione:&#8221; fullwidth_field=&#8221;on&#8221; _builder_version=&#8221;4.27.0&#8243; _module_preset=&#8221;default&#8221; global_colors_info=&#8221;{}&#8221;][\/et_pb_contact_field][et_pb_contact_field field_id=&#8221;viszonylat&#8221; field_title=&#8221;Tratta (luogo di carico \u2013 luogo di scarico)&#8221; fullwidth_field=&#8221;on&#8221; _builder_version=&#8221;4.27.0&#8243; _module_preset=&#8221;default&#8221; global_colors_info=&#8221;{}&#8221;][\/et_pb_contact_field][et_pb_contact_field field_id=&#8221;Message&#8221; field_title=&#8221;Messaggio&#8221; field_type=&#8221;text&#8221; fullwidth_field=&#8221;on&#8221; _builder_version=&#8221;4.16&#8243; global_colors_info=&#8221;{}&#8221; button_text_size__hover_enabled=&#8221;off&#8221; button_one_text_size__hover_enabled=&#8221;off&#8221; button_two_text_size__hover_enabled=&#8221;off&#8221; button_text_color__hover_enabled=&#8221;off&#8221; button_one_text_color__hover_enabled=&#8221;off&#8221; button_two_text_color__hover_enabled=&#8221;off&#8221; button_border_width__hover_enabled=&#8221;off&#8221; button_one_border_width__hover_enabled=&#8221;off&#8221; button_two_border_width__hover_enabled=&#8221;off&#8221; button_border_color__hover_enabled=&#8221;off&#8221; button_one_border_color__hover_enabled=&#8221;off&#8221; button_two_border_color__hover_enabled=&#8221;off&#8221; button_border_radius__hover_enabled=&#8221;off&#8221; button_one_border_radius__hover_enabled=&#8221;off&#8221; button_two_border_radius__hover_enabled=&#8221;off&#8221; button_letter_spacing__hover_enabled=&#8221;off&#8221; button_one_letter_spacing__hover_enabled=&#8221;off&#8221; button_two_letter_spacing__hover_enabled=&#8221;off&#8221; button_bg_color__hover_enabled=&#8221;off&#8221; button_one_bg_color__hover_enabled=&#8221;off&#8221; button_two_bg_color__hover_enabled=&#8221;off&#8221;][\/et_pb_contact_field][\/et_pb_contact_form][\/et_pb_column][et_pb_column type=&#8221;2_5&#8243; _builder_version=&#8221;4.27.0&#8243; _module_preset=&#8221;default&#8221; background_color=&#8221;gcid-c3ccfdcb-ebfa-4724-91b1-3e393f3838e7&#8243; custom_padding=&#8221;30px|30px|30px|30px|false|false&#8221; global_colors_info=&#8221;{%22gcid-c3ccfdcb-ebfa-4724-91b1-3e393f3838e7%22:%91%22background_color%22%93}&#8221;][et_pb_heading title=&#8221;Atitalia Trans Kft.&#8221; _builder_version=&#8221;4.27.0&#8243; _module_preset=&#8221;default&#8221; title_font=&#8221;&#8211;et_global_heading_font|600||on|||||&#8221; title_text_color=&#8221;#FFFFFF&#8221; background_enable_image=&#8221;off&#8221; background_size=&#8221;contain&#8221; max_width_tablet=&#8221;100%&#8221; max_width_phone=&#8221;100%&#8221; max_width_last_edited=&#8221;on|desktop&#8221; custom_margin=&#8221;20px||20px||false|false&#8221; title_font_size_tablet=&#8221;25px&#8221; title_font_size_phone=&#8221;20px&#8221; title_font_size_last_edited=&#8221;on|phone&#8221; custom_css_main_element=&#8221;font-weight:700 !important;&#8221; global_colors_info=&#8221;{}&#8221;][\/et_pb_heading][et_pb_text _builder_version=&#8221;4.27.0&#8243; _module_preset=&#8221;default&#8221; text_font=&#8221;&#8211;et_global_body_font||||||||&#8221; text_text_color=&#8221;#FFFFFF&#8221; text_font_size=&#8221;18px&#8221; header_text_color=&#8221;#E02B20&#8243; header_font_size=&#8221;23px&#8221; header_6_font=&#8221;&#8211;et_global_body_font||||||||&#8221; header_6_text_color=&#8221;#000000&#8243; header_6_font_size=&#8221;20px&#8221; header_6_letter_spacing=&#8221;1px&#8221; header_6_line_height=&#8221;1.1em&#8221; max_width_tablet=&#8221;100%&#8221; max_width_phone=&#8221;100%&#8221; max_width_last_edited=&#8221;on|phone&#8221; custom_margin=&#8221;11px||||false|false&#8221; text_font_size_tablet=&#8221;18px&#8221; text_font_size_phone=&#8221;17px&#8221; text_font_size_last_edited=&#8221;on|tablet&#8221; header_font_size_phone=&#8221;18px&#8221; header_font_size_last_edited=&#8221;off|phone&#8221; header_6_font_size_tablet=&#8221;18px&#8221; header_6_font_size_phone=&#8221;17px&#8221; header_6_font_size_last_edited=&#8221;on|phone&#8221; header_text_shadow_style=&#8221;preset5&#8243; global_colors_info=&#8221;{}&#8221;]<\/p>\n<p><strong>Telefono:<\/strong> <a href=\"tel:06309634563\" style=\"color: white !important;\">+36(30) 9634-563<\/a><\/p>\n<p>[\/et_pb_text][et_pb_text _builder_version=&#8221;4.27.0&#8243; _module_preset=&#8221;default&#8221; text_font=&#8221;&#8211;et_global_body_font||||||||&#8221; text_text_color=&#8221;#FFFFFF&#8221; text_font_size=&#8221;18px&#8221; header_text_color=&#8221;#FFFFFF&#8221; header_6_font=&#8221;&#8211;et_global_body_font||||||||&#8221; header_6_text_color=&#8221;#000000&#8243; header_6_font_size=&#8221;20px&#8221; header_6_letter_spacing=&#8221;1px&#8221; header_6_line_height=&#8221;1.1em&#8221; max_width_tablet=&#8221;100%&#8221; max_width_phone=&#8221;100%&#8221; max_width_last_edited=&#8221;on|phone&#8221; custom_margin=&#8221;||||false|false&#8221; hover_enabled=&#8221;0&#8243; text_font_size_tablet=&#8221;18px&#8221; text_font_size_phone=&#8221;17px&#8221; text_font_size_last_edited=&#8221;on|phone&#8221; header_font_size_phone=&#8221;18px&#8221; header_font_size_last_edited=&#8221;off|phone&#8221; header_6_font_size_tablet=&#8221;18px&#8221; header_6_font_size_phone=&#8221;17px&#8221; header_6_font_size_last_edited=&#8221;on|phone&#8221; global_colors_info=&#8221;{}&#8221; sticky_enabled=&#8221;0&#8243;]<strong>Email:<\/strong> <a href=\"mailto:info@atitalia.com\" style=\"color: white;\">info@atitalia.com<\/a>[\/et_pb_text][et_pb_text _builder_version=&#8221;4.27.0&#8243; _module_preset=&#8221;default&#8221; text_font=&#8221;&#8211;et_global_body_font||||||||&#8221; text_text_color=&#8221;#FFFFFF&#8221; text_font_size=&#8221;18px&#8221; header_text_color=&#8221;#FFFFFF&#8221; header_6_font=&#8221;&#8211;et_global_body_font||||||||&#8221; header_6_text_color=&#8221;#000000&#8243; header_6_font_size=&#8221;20px&#8221; header_6_letter_spacing=&#8221;1px&#8221; header_6_line_height=&#8221;1.1em&#8221; max_width_tablet=&#8221;100%&#8221; max_width_phone=&#8221;100%&#8221; max_width_last_edited=&#8221;on|phone&#8221; custom_margin=&#8221;20px||20px||false|false&#8221; text_font_size_tablet=&#8221;18px&#8221; text_font_size_phone=&#8221;17px&#8221; text_font_size_last_edited=&#8221;on|phone&#8221; header_font_size_phone=&#8221;18px&#8221; header_font_size_last_edited=&#8221;off|phone&#8221; header_6_font_size_tablet=&#8221;18px&#8221; header_6_font_size_phone=&#8221;17px&#8221; header_6_font_size_last_edited=&#8221;on|phone&#8221; global_colors_info=&#8221;{}&#8221;]<\/p>\n<p>Sede Ungheria: H-1039 Budapest, Kir\u00e1lyok \u00fatja 297.<br \/>Sede Italia: I-51100 Pistoia, Via Pratale 20\/D<br \/>Partita IVA: HU24227467<br \/>ID Timocom: 310678<\/p>\n<p>[\/et_pb_text][et_pb_code _builder_version=&#8221;4.27.0&#8243; _module_preset=&#8221;default&#8221; custom_margin=&#8221;||40px||false|false&#8221; global_colors_info=&#8221;{}&#8221;]<iframe src=\"https:\/\/www.google.com\/maps\/embed?pb=!1m16!1m12!1m3!1d17736.292563121373!2d10.962820868962899!3d43.894348501685435!2m3!1f0!2f0!3f0!3m2!1i1024!2i768!4f13.1!2m1!1s51100%20Pistoia%2C%20Via%20Pratale%2020%2FD%20%E2%80%93%20Varga%2FDella%20Calce!5e0!3m2!1sen!2sat!4v1723197288656!5m2!1sen!2sat\" width=\"100%\" height=\"407\" style=\"border:0;\" allowfullscreen=\"\" loading=\"lazy\" referrerpolicy=\"no-referrer-when-downgrade\"><\/iframe>[\/et_pb_code][\/et_pb_column][\/et_pb_row][\/et_pb_section][et_pb_section fb_built=&#8221;1&#8243; admin_label=&#8221;Coaching&#8221; _builder_version=&#8221;4.27.0&#8243; background_enable_color=&#8221;off&#8221; use_background_color_gradient=&#8221;on&#8221; background_color_gradient_stops=&#8221;#eaeaea 1%|#ffffff 65%&#8221; background_color_gradient_overlays_image=&#8221;on&#8221; background_image=&#8221;https:\/\/atitalia.com\/wp-content\/uploads\/2024\/09\/highway-background-satur.jpg&#8221; custom_margin=&#8221;0px||-2px||false|false&#8221; custom_padding=&#8221;80px||||false|false&#8221; top_divider_color=&#8221;#95d5b2&#8243; global_colors_info=&#8221;{}&#8221;][et_pb_row _builder_version=&#8221;4.27.0&#8243; _module_preset=&#8221;default&#8221; custom_margin=&#8221;0px||||false|false&#8221; custom_padding=&#8221;0px||||false|false&#8221; global_colors_info=&#8221;{}&#8221;][et_pb_column type=&#8221;4_4&#8243; _builder_version=&#8221;4.27.0&#8243; _module_preset=&#8221;default&#8221; global_colors_info=&#8221;{}&#8221;][et_pb_heading title=&#8221;Cosa ti offriamo?&#8221; _builder_version=&#8221;4.27.0&#8243; _module_preset=&#8221;default&#8221; title_font=&#8221;&#8211;et_global_heading_font|600||on|||||&#8221; title_text_align=&#8221;center&#8221; title_text_color=&#8221;#000000&#8243; title_font_size=&#8221;35px&#8221; background_enable_image=&#8221;off&#8221; background_size=&#8221;contain&#8221; title_font_size_tablet=&#8221;25px&#8221; title_font_size_phone=&#8221;20px&#8221; title_font_size_last_edited=&#8221;on|phone&#8221; custom_css_main_element=&#8221;font-weight:700 !important;&#8221; global_colors_info=&#8221;{}&#8221;][\/et_pb_heading][\/et_pb_column][\/et_pb_row][et_pb_row column_structure=&#8221;1_3,1_3,1_3&#8243; use_custom_gutter=&#8221;on&#8221; gutter_width=&#8221;2&#8243; make_equal=&#8221;on&#8221; _builder_version=&#8221;4.27.0&#8243; _module_preset=&#8221;default&#8221; background_color=&#8221;RGBA(255,255,255,0)&#8221; locked=&#8221;off&#8221; global_colors_info=&#8221;{}&#8221;][et_pb_column type=&#8221;1_3&#8243; _builder_version=&#8221;4.27.0&#8243; _module_preset=&#8221;default&#8221; background_color=&#8221;#eaeaea&#8221; custom_padding=&#8221;40px|40px|40px|40px|true|true&#8221; custom_padding_tablet=&#8221;30px|30px|30px|30px|true|true&#8221; custom_padding_phone=&#8221;20px|20px|20px|20px|true|true&#8221; custom_padding_last_edited=&#8221;on|phone&#8221; link_option_url=&#8221;https:\/\/atitalia.com\/it\/servizi\/&#8221; border_radii=&#8221;on|10px|10px|10px|10px&#8221; box_shadow_style=&#8221;preset1&#8243; global_colors_info=&#8221;{}&#8221;][et_pb_text _builder_version=&#8221;4.27.0&#8243; _module_preset=&#8221;_initial&#8221; text_font=&#8221;&#8211;et_global_heading_font||||||||&#8221; header_4_font=&#8221;&#8211;et_global_heading_font|700|||||||&#8221; header_4_text_color=&#8221;#000000&#8243; header_4_font_size=&#8221;24px&#8221; header_4_line_height=&#8221;1.4em&#8221; text_orientation=&#8221;center&#8221; link_option_url=&#8221;https:\/\/atitalia.com\/it\/servizi\/&#8221; header_4_font_size_tablet=&#8221;16px&#8221; header_4_font_size_phone=&#8221;15px&#8221; header_4_font_size_last_edited=&#8221;on|desktop&#8221; global_colors_info=&#8221;{}&#8221;]<\/p>\n<h4>Trasporto collettame<\/h4>\n<p>[\/et_pb_text][et_pb_button button_url=&#8221;https:\/\/atitalia.com\/it\/servizi\/&#8221; button_text=&#8221;Mi interessa&#8221; button_alignment=&#8221;center&#8221; _builder_version=&#8221;4.27.0&#8243; _module_preset=&#8221;_initial&#8221; custom_button=&#8221;on&#8221; button_text_size=&#8221;14px&#8221; button_text_color=&#8221;#000000&#8243; button_bg_color=&#8221;#FFFFFF&#8221; button_border_color=&#8221;#000000&#8243; button_border_radius=&#8221;2px&#8221; button_letter_spacing=&#8221;0.16em&#8221; button_font=&#8221;Oswald|700||on|||||&#8221; custom_padding=&#8221;12px|24px|12px|24px|true|true&#8221; box_shadow_style=&#8221;preset4&#8243; box_shadow_horizontal=&#8221;4px&#8221; box_shadow_vertical=&#8221;4px&#8221; box_shadow_color=&#8221;#000000&#8243; global_colors_info=&#8221;{}&#8221;][\/et_pb_button][\/et_pb_column][et_pb_column type=&#8221;1_3&#8243; _builder_version=&#8221;4.27.0&#8243; _module_preset=&#8221;default&#8221; background_color=&#8221;#eaeaea&#8221; custom_padding=&#8221;40px|40px|40px|40px|true|true&#8221; custom_padding_tablet=&#8221;30px|30px|30px|30px|true|true&#8221; custom_padding_phone=&#8221;20px|20px|20px|20px|true|true&#8221; custom_padding_last_edited=&#8221;on|phone&#8221; link_option_url=&#8221;https:\/\/atitalia.com\/it\/servizi\/&#8221; border_radii=&#8221;on|10px|10px|10px|10px&#8221; box_shadow_style=&#8221;preset1&#8243; global_colors_info=&#8221;{}&#8221;][et_pb_text _builder_version=&#8221;4.27.0&#8243; _module_preset=&#8221;_initial&#8221; header_4_font=&#8221;&#8211;et_global_heading_font|700|||||||&#8221; header_4_text_color=&#8221;#000000&#8243; header_4_font_size=&#8221;24px&#8221; header_4_line_height=&#8221;1.4em&#8221; text_orientation=&#8221;center&#8221; link_option_url=&#8221;https:\/\/atitalia.com\/it\/servizi\/&#8221; header_4_font_size_tablet=&#8221;16px&#8221; header_4_font_size_phone=&#8221;15px&#8221; header_4_font_size_last_edited=&#8221;on|desktop&#8221; global_colors_info=&#8221;{}&#8221;]<\/p>\n<h4>Trasporto merci<\/h4>\n<p>[\/et_pb_text][et_pb_button button_url=&#8221;https:\/\/atitalia.com\/it\/servizi\/&#8221; button_text=&#8221;Mi interessa&#8221; button_alignment=&#8221;center&#8221; _builder_version=&#8221;4.27.0&#8243; _module_preset=&#8221;_initial&#8221; custom_button=&#8221;on&#8221; button_text_size=&#8221;14px&#8221; button_text_color=&#8221;#000000&#8243; button_bg_color=&#8221;#FFFFFF&#8221; button_border_color=&#8221;#000000&#8243; button_border_radius=&#8221;2px&#8221; button_letter_spacing=&#8221;0.16em&#8221; button_font=&#8221;Oswald|700||on|||||&#8221; custom_padding=&#8221;12px|24px|12px|24px|true|true&#8221; box_shadow_style=&#8221;preset4&#8243; box_shadow_horizontal=&#8221;4px&#8221; box_shadow_vertical=&#8221;4px&#8221; box_shadow_color=&#8221;#000000&#8243; global_colors_info=&#8221;{}&#8221;][\/et_pb_button][\/et_pb_column][et_pb_column type=&#8221;1_3&#8243; _builder_version=&#8221;4.27.0&#8243; _module_preset=&#8221;default&#8221; background_color=&#8221;#eaeaea&#8221; custom_padding=&#8221;40px|40px|40px|40px|true|true&#8221; custom_padding_tablet=&#8221;30px|30px|30px|30px|true|true&#8221; custom_padding_phone=&#8221;20px|20px|20px|20px|true|true&#8221; custom_padding_last_edited=&#8221;on|phone&#8221; link_option_url=&#8221;https:\/\/atitalia.com\/biztositas\/&#8221; border_radii=&#8221;on|10px|10px|10px|10px&#8221; box_shadow_style=&#8221;preset1&#8243; global_colors_info=&#8221;{}&#8221;][et_pb_text _builder_version=&#8221;4.27.0&#8243; _module_preset=&#8221;_initial&#8221; header_4_font=&#8221;&#8211;et_global_heading_font|700|||||||&#8221; header_4_text_color=&#8221;#000000&#8243; header_4_font_size=&#8221;24px&#8221; header_4_line_height=&#8221;1.4em&#8221; text_orientation=&#8221;center&#8221; link_option_url=&#8221;https:\/\/atitalia.com\/biztositas\/&#8221; header_4_font_size_tablet=&#8221;16px&#8221; header_4_font_size_phone=&#8221;15px&#8221; header_4_font_size_last_edited=&#8221;on|desktop&#8221; global_colors_info=&#8221;{}&#8221;]<\/p>\n<h4>Assicurazione<\/h4>\n<p>[\/et_pb_text][et_pb_button button_url=&#8221;https:\/\/atitalia.com\/biztositas\/&#8221; button_text=&#8221;Mi interessa&#8221; button_alignment=&#8221;center&#8221; _builder_version=&#8221;4.27.0&#8243; _module_preset=&#8221;_initial&#8221; custom_button=&#8221;on&#8221; button_text_size=&#8221;14px&#8221; button_text_color=&#8221;#000000&#8243; button_bg_color=&#8221;#FFFFFF&#8221; button_border_color=&#8221;#000000&#8243; button_border_radius=&#8221;2px&#8221; button_letter_spacing=&#8221;0.16em&#8221; button_font=&#8221;Oswald|700||on|||||&#8221; custom_padding=&#8221;12px|24px|12px|24px|true|true&#8221; box_shadow_style=&#8221;preset4&#8243; box_shadow_horizontal=&#8221;4px&#8221; box_shadow_vertical=&#8221;4px&#8221; box_shadow_color=&#8221;#000000&#8243; global_colors_info=&#8221;{}&#8221;][\/et_pb_button][\/et_pb_column][\/et_pb_row][\/et_pb_section]<\/p>\n","protected":false},"excerpt":{"rendered":"<p>Se hai domande, contattaci telefonicamente o via e-mail.Telefono: +36(30) 9634-563Email: info@atitalia.comSede Ungheria: H-1039 Budapest, Kir\u00e1lyok \u00fatja 297.Sede Italia: I-51100 Pistoia, Via Pratale 20\/DPartita IVA: HU24227467ID Timocom: 310678Trasporto collettameTrasporto merciAssicurazione<\/p>\n","protected":false},"author":2,"featured_media":0,"parent":0,"menu_order":0,"comment_status":"closed","ping_status":"closed","template":"","meta":{"_et_pb_use_builder":"on","_et_pb_old_content":"","_et_gb_content_width":"","footnotes":""},"class_list":["post-923","page","type-page","status-publish","hentry"],"aioseo_notices":[],"_links":{"self":[{"href":"https:\/\/atitalia.com\/it\/wp-json\/wp\/v2\/pages\/923","targetHints":{"allow":["GET"]}}],"collection":[{"href":"https:\/\/atitalia.com\/it\/wp-json\/wp\/v2\/pages"}],"about":[{"href":"https:\/\/atitalia.com\/it\/wp-json\/wp\/v2\/types\/page"}],"author":[{"embeddable":true,"href":"https:\/\/atitalia.com\/it\/wp-json\/wp\/v2\/users\/2"}],"replies":[{"embeddable":true,"href":"https:\/\/atitalia.com\/it\/wp-json\/wp\/v2\/comments?post=923"}],"version-history":[{"count":10,"href":"https:\/\/atitalia.com\/it\/wp-json\/wp\/v2\/pages\/923\/revisions"}],"predecessor-version":[{"id":1011,"href":"https:\/\/atitalia.com\/it\/wp-json\/wp\/v2\/pages\/923\/revisions\/1011"}],"wp:attachment":[{"href":"https:\/\/atitalia.com\/it\/wp-json\/wp\/v2\/media?parent=923"}],"curies":[{"name":"wp","href":"https:\/\/api.w.org\/{rel}","templated":true}]}}